{"id":5882,"date":"2022-04-07T10:16:09","date_gmt":"2022-04-07T08:16:09","guid":{"rendered":"https:\/\/ehparp.eu\/?page_id=5882"},"modified":"2023-06-14T10:54:37","modified_gmt":"2023-06-14T08:54:37","slug":"privacy-policy","status":"publish","type":"page","link":"https:\/\/ehparp.eu\/hr\/privacy-policy\/","title":{"rendered":"Privacy Policy"},"content":{"rendered":"\t\t<div data-elementor-type=\"wp-page\" data-elementor-id=\"5882\" class=\"elementor elementor-5882 elementor-2735\" data-elementor-post-type=\"page\">\n\t\t\t\t\t\t<section class=\"elementor-section elementor-top-section elementor-element elementor-element-ec646b2 elementor-section-height-min-height elementor-section-boxed elementor-section-height-default elementor-section-items-middle\" data-id=\"ec646b2\" data-element_type=\"section\" data-settings=\"{&quot;jet_parallax_layout_list&quot;:[],&quot;background_background&quot;:&quot;classic&quot;}\">\n\t\t\t\t\t\t<div class=\"elementor-container elementor-column-gap-default\">\n\t\t\t\t\t<div class=\"elementor-column elementor-col-100 elementor-top-column elementor-element elementor-element-d798af7\" data-id=\"d798af7\" data-element_type=\"column\">\n\t\t\t<div class=\"elementor-widget-wrap\">\n\t\t\t\t\t\t\t<\/div>\n\t\t<\/div>\n\t\t\t\t\t<\/div>\n\t\t<\/section>\n\t\t\t\t<section class=\"elementor-section elementor-top-section elementor-element elementor-element-f1b1252 elementor-section-boxed elementor-section-height-default elementor-section-height-default\" data-id=\"f1b1252\" data-element_type=\"section\" data-settings=\"{&quot;jet_parallax_layout_list&quot;:[]}\">\n\t\t\t\t\t\t<div class=\"elementor-container elementor-column-gap-default\">\n\t\t\t\t\t<div class=\"elementor-column elementor-col-100 elementor-top-column elementor-element elementor-element-b42fc1c\" data-id=\"b42fc1c\" data-element_type=\"column\">\n\t\t\t<div class=\"elementor-widget-wrap elementor-element-populated\">\n\t\t\t\t\t\t<div class=\"elementor-element elementor-element-d049272 elementor-widget elementor-widget-heading\" data-id=\"d049272\" data-element_type=\"widget\" data-widget_type=\"heading.default\">\n\t\t\t\t<div class=\"elementor-widget-container\">\n\t\t\t\t\t<h2 class=\"elementor-heading-title elementor-size-default\">Privacy Policy of www.ehparp.eu <\/h2>\t\t\t\t<\/div>\n\t\t\t\t<\/div>\n\t\t\t\t<div class=\"elementor-element elementor-element-fe2bbf3 elementor-widget elementor-widget-text-editor\" data-id=\"fe2bbf3\" data-element_type=\"widget\" data-widget_type=\"text-editor.default\">\n\t\t\t\t<div class=\"elementor-widget-container\">\n\t\t\t\t\t\t\t\t\t\n<!-- Legal document generated by Complianz | GDPR\/CCPA Cookie Consent https:\/\/wordpress.org\/plugins\/complianz-gdpr -->\n<div id=\"cmplz-document\" class=\"cmplz-document privacy-statement cmplz-document-eu\"><p><i>Ova izjava o privatnosti zadnji put je a\u017eurirana 16 travanj 2025 i odnosi se na gra\u0111ane i osobe sa stalnim prebivali\u0161tem u Europskom gospodarskom prostoru i \u0160vicarskoj.<\/i><br \/><br \/><\/p><p><p>U ovoj izjavi o privatnosti obja\u0161njavamo \u0161to radimo s podacima koje dobivamo o vama putem <a href=\"https:\/\/ehparp.eu\/hr\/\">https:\/\/ehparp.eu\/hr\/<\/a>. Preporu\u010dujemo da pa\u017eljivo pro\u010ditate ovu izjavu. U na\u0161oj obradi pridr\u017eavamo se zahtjeva zakona o privatnosti. To izme\u0111u ostalog zna\u010di da:<\/p><ul>\n                <li>jasno navodimo svrhe u koje obra\u0111ujemo osobne podatke. To \u010dinimo pomo\u0107u ove izjave o privatnosti;<\/li>\n                <li>nastojimo ograni\u010diti prikupljanje osobnih podataka samo na osobne podatke potrebne za legitimne svrhe;<\/li>\n                <li>najprije tra\u017eimo Va\u0161 izri\u010diti pristanak za obradu Va\u0161ih osobnih podataka u slu\u010dajevima koji zahtijevaju Va\u0161 pristanak;<\/li>\n                <li>poduzimamo odgovaraju\u0107e sigurnosne mjere kako bismo za\u0161titili va\u0161e osobne podatke i tako\u0111er to zahtijevamo od strana koje obra\u0111uju osobne podatke u na\u0161e ime;<\/li>\n                <li>po\u0161tujemo va\u0161e pravo na pristup va\u0161im osobnim podacima ili na ispravak ili brisanje istih, na va\u0161 zahtjev.<\/li>\n            <\/ul><p>Ako imate bilo kakvih pitanja ili \u017eelite znati koje to\u010dno podatke o vama \u010duvamo, kontaktirajte nas.<\/p><\/p><h2>1. Svrha, podaci i rok \u010duvanja<\/h2>Mo\u017eemo prikupljati ili primati osobne podatke za brojne svrhe povezane s na\u0161im poslovanjem koje mogu uklju\u010divati sljede\u0107e: (kliknite za pro\u0161irenje)<details class=\"cmplz-dropdown dropdown-privacy-statement\"><summary><div><h3>1.1 Kontakt &#8211; putem telefona, po\u0161te, e-po\u0161te i\/ili web-obrazaca<\/h3><\/div><\/summary><p class=\"cmplz-subtitle\">U tu svrhu koristimo sljede\u0107e podatke:<\/p><p><ul><li>Ime i prezime<\/li><li>E-mail adresa<\/li><li>IP adresa<\/li><li>Geolokacijski podaci<\/li><\/ul><\/p><p class=\"cmplz-subtitle\">Osnova na kojoj mo\u017eemo obra\u0111ivati ove podatke je:<\/p><p><a target=\"_blank\" rel=\"noopener noreferrer nofollow\" href=\"https:\/\/cookiedatabase.org\/legal-bases\/#consent\">Po davanju suglasnosti.<\/a><\/p><p class=\"cmplz-subtitle\">Razdoblje zadr\u017eavanja<\/p><p>Ove podatke \u010duvamo do prekida usluge.<\/p><\/details><details class=\"cmplz-dropdown dropdown-privacy-statement\"><summary><div><h3>1.2 Registracija ra\u010duna<\/h3><\/div><\/summary><p class=\"cmplz-subtitle\">U tu svrhu koristimo sljede\u0107e podatke:<\/p><p><ul><li>Ime i prezime<\/li><li>E-mail adresa<\/li><li>IP adresa<\/li><li>Geolokacijski podaci<\/li><\/ul><\/p><p class=\"cmplz-subtitle\">Osnova na kojoj mo\u017eemo obra\u0111ivati ove podatke je:<\/p><p><a target=\"_blank\" rel=\"noopener noreferrer nofollow\" href=\"https:\/\/cookiedatabase.org\/legal-bases\/#consent\">Po davanju suglasnosti.<\/a><\/p><p class=\"cmplz-subtitle\">Razdoblje zadr\u017eavanja<\/p><p>Ove podatke \u010duvamo do prekida usluge.<\/p><\/details><details class=\"cmplz-dropdown dropdown-privacy-statement\"><summary><div><h3>1.3 Newsletteri<\/h3><\/div><\/summary><p class=\"cmplz-subtitle\">U tu svrhu koristimo sljede\u0107e podatke:<\/p><p><ul><li>Ime i prezime<\/li><li>E-mail adresa<\/li><li>IP adresa<\/li><li>Geolokacijski podaci<\/li><\/ul><\/p><p class=\"cmplz-subtitle\">Osnova na kojoj mo\u017eemo obra\u0111ivati ove podatke je:<\/p><p><a target=\"_blank\" rel=\"noopener noreferrer nofollow\" href=\"https:\/\/cookiedatabase.org\/legal-bases\/#consent\">Po davanju suglasnosti.<\/a><\/p><p class=\"cmplz-subtitle\">Razdoblje zadr\u017eavanja<\/p><p>Ove podatke \u010duvamo do prekida usluge.<\/p><\/details><h2>2. Kola\u010di\u0107i<\/h2><p>Na\u0161a web stranica koristi kola\u010di\u0107e. Za vi\u0161e informacija o kola\u010di\u0107ima pogledajte na\u0161a <a href=\"https:\/\/ehparp.eu\/hr\/cookie-policy\/\">Pravila o kola\u010di\u0107ima<\/a>.&nbsp;<\/p><h2>3. Prakse otkrivanja<\/h2><p><p>Otkrivamo osobne podatke ako smo du\u017eni prema zakonu ili sudskom nalogu, kao odgovor agenciji za provo\u0111enje zakona, u mjeri dopu\u0161tenoj prema drugim odredbama zakona, da damo informacije ili za istragu o predmetu koji se odnosi na javnu sigurnost.<\/p><p>If our website or organisation is taken over, sold, or involved in a merger or acquisition, your details may be disclosed to our advisers and any prospective purchasers and will be passed on to the new owners.<\/p><\/p><h2>4. Sigurnost<\/h2><p>Predani smo sigurnosti osobnih podataka. Poduzimamo odgovaraju\u0107e sigurnosne mjere kako bismo ograni\u010dili zlouporabu i neovla\u0161teni pristup osobnim podacima. Time se osigurava da samo potrebne osobe imaju pristup va\u0161im podacima, da je pristup podacima za\u0161ti\u0107en i da se na\u0161e sigurnosne mjere redovito provjeravaju.<\/p><h2>5. Web stranice tre\u0107ih strana<\/h2><p>Ova izjava o privatnosti ne odnosi se na web stranice tre\u0107ih strana povezane poveznicama na na\u0161oj web stranici. Ne mo\u017eemo jam\u010diti da ove tre\u0107e strane postupaju s va\u0161im osobnim podacima na pouzdan ili siguran na\u010din. Preporu\u010dujemo da prije kori\u0161tenja ovih web stranica pro\u010ditate izjave o privatnosti ovih web stranica.<\/p><h2>6. Izmjene i dopune ove izjave o privatnosti<\/h2><p>Zadr\u017eavamo pravo izmjena i dopuna ove izjave o privatnosti. Preporu\u010da se da redovito pregledavate ovu izjavu o privatnosti kako biste bili upoznati sa svim promjenama. Osim toga, aktivno \u0107emo vas informirati gdje god je to mogu\u0107e.<\/p><h2>7. Pristup i izmjena va\u0161ih podataka<\/h2><p>Ako imate pitanja ili \u017eelite znati koje osobne podatke imamo o vama, obratite nam se. Mo\u017eete nas kontaktirati pomo\u0107u podataka ispod. Imate sljede\u0107a prava:<\/p><ul>\n                <li>Imate pravo znati za\u0161to su va\u0161i osobni podaci potrebni, \u0161to \u0107e se s njima dogoditi i koliko \u0107e dugo biti zadr\u017eani.<\/li>\n                <li>Pravo pristupa: Imate pravo pristupa svojim osobnim podacima koji su nam poznati.<\/li>\n                <li>Pravo na ispravak: imate pravo dopuniti, ispraviti, izbrisati ili blokirati svoje osobne podatke kad god to \u017eelite.<\/li>\n                <li>Ako nam date privolu za obradu Va\u0161ih podataka, imate pravo opozvati tu privolu i tra\u017eiti brisanje Va\u0161ih osobnih podataka.<\/li>\n                <li>Pravo na prijenos va\u0161ih podataka: imate pravo zatra\u017eiti sve svoje osobne podatke od voditelja obrade i u cijelosti ih prenijeti drugom voditelju obrade.<\/li>\n                <li>Pravo na prigovor: mo\u017eete se usprotiviti obradi va\u0161ih podataka. Pridr\u017eavamo se toga, osim ako ne postoje opravdani razlozi za obradu.<\/li>\n            <\/ul><p>Uvijek jasno navedite tko ste, kako bismo bili sigurni da ne\u0107emo mijenjati ili brisati podatke pogre\u0161ne osobe.<\/p><h2>8. Podno\u0161enje prigovora<\/h2><p>Ukoliko niste zadovoljni na\u010dinom na koji postupamo (prigovor na) obradu Va\u0161ih osobnih podataka, imate pravo podnijeti prigovor Tijelu za za\u0161titu podataka.<\/p><h2>9. Kontakt podaci<\/h2><p>L\u2019ORMA S.S.D. a r.l. \u2013 Impresa Sociale<br \/>\n        Via Restelli 3 \u2013 20124 (Milano)<br \/>\n        Italija<br \/>\n        Web-stranica: <a href=\"https:\/\/ehparp.eu\/hr\/\">https:\/\/ehparp.eu\/hr\/<\/a> <br \/>\n        E-po\u0161ta: <span class=\"cmplz-obfuscate\">&#105;n&#102;o@<span class=\"cmplz-fmail-domain\">ex&#046;&#099;&#111;&#109;<\/span>&#111;rmas&#105;&#116;&#101;.i&#116;<\/span> <br \/>\n        Broj telefona: +393881936879<\/p><\/div>\n\t\t\t\t\t\t\t\t<\/div>\n\t\t\t\t<\/div>\n\t\t\t\t\t<\/div>\n\t\t<\/div>\n\t\t\t\t\t<\/div>\n\t\t<\/section>\n\t\t\t\t<\/div>\n\t\t","protected":false},"excerpt":{"rendered":"<p>Politika privatnosti www.ehparp.eu Ova aplikacija prikuplja neke osobne podatke od svojih korisnika. Ovaj se dokument mo\u017ee ispisati za referencu kori\u0161tenjem naredbe za ispis u postavkama bilo kojeg preglednika. Sa\u017eetak politike Osobni podaci koji se obra\u0111uju u sljede\u0107e svrhe i kori\u0161tenjem sljede\u0107ih usluga: Ogla\u0161avanje Klik upita Osobni podaci: Tracker; Podaci o kori\u0161tenju Analitika Google Analytics Osobni [&hellip;]<\/p>\n","protected":false},"author":2,"featured_media":0,"parent":0,"menu_order":0,"comment_status":"closed","ping_status":"closed","template":"","meta":{"footnotes":""},"class_list":["post-5882","page","type-page","status-publish","hentry"],"yoast_head":"<!-- This site is optimized with the Yoast SEO plugin v25.9 - https:\/\/yoast.com\/wordpress\/plugins\/seo\/ -->\n<title>Privacy Policy - ehparp.eu<\/title>\n<meta name=\"robots\" content=\"index, follow, max-snippet:-1, max-image-preview:large, max-video-preview:-1\" \/>\n<link rel=\"canonical\" href=\"https:\/\/ehparp.eu\/hr\/privacy-policy\/\" \/>\n<meta property=\"og:locale\" content=\"hr_HR\" \/>\n<meta property=\"og:type\" content=\"article\" \/>\n<meta property=\"og:title\" content=\"Privacy Policy - ehparp.eu\" \/>\n<meta property=\"og:description\" content=\"Politika privatnosti www.ehparp.eu Ova aplikacija prikuplja neke osobne podatke od svojih korisnika. Ovaj se dokument mo\u017ee ispisati za referencu kori\u0161tenjem naredbe za ispis u postavkama bilo kojeg preglednika. Sa\u017eetak politike Osobni podaci koji se obra\u0111uju u sljede\u0107e svrhe i kori\u0161tenjem sljede\u0107ih usluga: Ogla\u0161avanje Klik upita Osobni podaci: Tracker; Podaci o kori\u0161tenju Analitika Google Analytics Osobni [&hellip;]\" \/>\n<meta property=\"og:url\" content=\"https:\/\/ehparp.eu\/hr\/privacy-policy\/\" \/>\n<meta property=\"og:site_name\" content=\"ehparp.eu\" \/>\n<meta property=\"article:modified_time\" content=\"2023-06-14T08:54:37+00:00\" \/>\n<meta name=\"twitter:card\" content=\"summary_large_image\" \/>\n<meta name=\"twitter:label1\" content=\"Procijenjeno vrijeme \u010ditanja\" \/>\n\t<meta name=\"twitter:data1\" content=\"19 minuta\" \/>\n<script type=\"application\/ld+json\" class=\"yoast-schema-graph\">{\"@context\":\"https:\/\/schema.org\",\"@graph\":[{\"@type\":\"WebPage\",\"@id\":\"https:\/\/ehparp.eu\/hr\/privacy-policy\/\",\"url\":\"https:\/\/ehparp.eu\/hr\/privacy-policy\/\",\"name\":\"Privacy Policy - ehparp.eu\",\"isPartOf\":{\"@id\":\"https:\/\/ehparp.eu\/#website\"},\"datePublished\":\"2022-04-07T08:16:09+00:00\",\"dateModified\":\"2023-06-14T08:54:37+00:00\",\"inLanguage\":\"hr\",\"potentialAction\":[{\"@type\":\"ReadAction\",\"target\":[\"https:\/\/ehparp.eu\/hr\/privacy-policy\/\"]}]},{\"@type\":\"WebSite\",\"@id\":\"https:\/\/ehparp.eu\/#website\",\"url\":\"https:\/\/ehparp.eu\/\",\"name\":\"ehparp.eu\",\"description\":\"Enhancing Health and Physical Activity Rates\",\"potentialAction\":[{\"@type\":\"SearchAction\",\"target\":{\"@type\":\"EntryPoint\",\"urlTemplate\":\"https:\/\/ehparp.eu\/?s={search_term_string}\"},\"query-input\":{\"@type\":\"PropertyValueSpecification\",\"valueRequired\":true,\"valueName\":\"search_term_string\"}}],\"inLanguage\":\"hr\"}]}<\/script>\n<!-- \/ Yoast SEO plugin. -->","yoast_head_json":{"title":"Privacy Policy - ehparp.eu","robots":{"index":"index","follow":"follow","max-snippet":"max-snippet:-1","max-image-preview":"max-image-preview:large","max-video-preview":"max-video-preview:-1"},"canonical":"https:\/\/ehparp.eu\/hr\/privacy-policy\/","og_locale":"hr_HR","og_type":"article","og_title":"Privacy Policy - ehparp.eu","og_description":"Politika privatnosti www.ehparp.eu Ova aplikacija prikuplja neke osobne podatke od svojih korisnika. Ovaj se dokument mo\u017ee ispisati za referencu kori\u0161tenjem naredbe za ispis u postavkama bilo kojeg preglednika. Sa\u017eetak politike Osobni podaci koji se obra\u0111uju u sljede\u0107e svrhe i kori\u0161tenjem sljede\u0107ih usluga: Ogla\u0161avanje Klik upita Osobni podaci: Tracker; Podaci o kori\u0161tenju Analitika Google Analytics Osobni [&hellip;]","og_url":"https:\/\/ehparp.eu\/hr\/privacy-policy\/","og_site_name":"ehparp.eu","article_modified_time":"2023-06-14T08:54:37+00:00","twitter_card":"summary_large_image","twitter_misc":{"Procijenjeno vrijeme \u010ditanja":"19 minuta"},"schema":{"@context":"https:\/\/schema.org","@graph":[{"@type":"WebPage","@id":"https:\/\/ehparp.eu\/hr\/privacy-policy\/","url":"https:\/\/ehparp.eu\/hr\/privacy-policy\/","name":"Privacy Policy - ehparp.eu","isPartOf":{"@id":"https:\/\/ehparp.eu\/#website"},"datePublished":"2022-04-07T08:16:09+00:00","dateModified":"2023-06-14T08:54:37+00:00","inLanguage":"hr","potentialAction":[{"@type":"ReadAction","target":["https:\/\/ehparp.eu\/hr\/privacy-policy\/"]}]},{"@type":"WebSite","@id":"https:\/\/ehparp.eu\/#website","url":"https:\/\/ehparp.eu\/","name":"ehparp.eu","description":"Enhancing Health and Physical Activity Rates","potentialAction":[{"@type":"SearchAction","target":{"@type":"EntryPoint","urlTemplate":"https:\/\/ehparp.eu\/?s={search_term_string}"},"query-input":{"@type":"PropertyValueSpecification","valueRequired":true,"valueName":"search_term_string"}}],"inLanguage":"hr"}]}},"_links":{"self":[{"href":"https:\/\/ehparp.eu\/hr\/wp-json\/wp\/v2\/pages\/5882","targetHints":{"allow":["GET"]}}],"collection":[{"href":"https:\/\/ehparp.eu\/hr\/wp-json\/wp\/v2\/pages"}],"about":[{"href":"https:\/\/ehparp.eu\/hr\/wp-json\/wp\/v2\/types\/page"}],"author":[{"embeddable":true,"href":"https:\/\/ehparp.eu\/hr\/wp-json\/wp\/v2\/users\/2"}],"replies":[{"embeddable":true,"href":"https:\/\/ehparp.eu\/hr\/wp-json\/wp\/v2\/comments?post=5882"}],"version-history":[{"count":13,"href":"https:\/\/ehparp.eu\/hr\/wp-json\/wp\/v2\/pages\/5882\/revisions"}],"predecessor-version":[{"id":6326,"href":"https:\/\/ehparp.eu\/hr\/wp-json\/wp\/v2\/pages\/5882\/revisions\/6326"}],"wp:attachment":[{"href":"https:\/\/ehparp.eu\/hr\/wp-json\/wp\/v2\/media?parent=5882"}],"curies":[{"name":"wp","href":"https:\/\/api.w.org\/{rel}","templated":true}]}}