{"id":5918,"date":"2022-06-15T17:35:44","date_gmt":"2022-06-15T15:35:44","guid":{"rendered":"https:\/\/ehparp.eu\/e-ucenje\/e-ucenje-modul-03\/"},"modified":"2022-08-22T09:51:06","modified_gmt":"2022-08-22T07:51:06","slug":"e-ucenje-modul-03","status":"publish","type":"page","link":"https:\/\/ehparp.eu\/hr\/e-ucenje\/e-ucenje-modul-03\/","title":{"rendered":"E-u\u010denje | Modul 03"},"content":{"rendered":"\t\t<div data-elementor-type=\"wp-page\" data-elementor-id=\"5918\" class=\"elementor elementor-5918 elementor-2073\" data-elementor-post-type=\"page\">\n\t\t\t\t\t\t<section class=\"elementor-section elementor-top-section elementor-element elementor-element-e75e791 elementor-section-full_width elementor-section-height-min-height elementor-section-height-default elementor-section-items-middle\" data-id=\"e75e791\" data-element_type=\"section\" data-settings=\"{&quot;jet_parallax_layout_list&quot;:[]}\">\n\t\t\t\t\t\t<div class=\"elementor-container elementor-column-gap-default\">\n\t\t\t\t\t<div class=\"elementor-column elementor-col-100 elementor-top-column elementor-element elementor-element-9eb769b\" data-id=\"9eb769b\" data-element_type=\"column\">\n\t\t\t<div class=\"elementor-widget-wrap elementor-element-populated\">\n\t\t\t\t\t\t<div class=\"elementor-element elementor-element-7dc0f60 elementor--h-position-left elementor--v-position-bottom elementor-pagination-position-inside elementor-widget elementor-widget-slides\" data-id=\"7dc0f60\" data-element_type=\"widget\" data-settings=\"{&quot;navigation&quot;:&quot;dots&quot;,&quot;autoplay&quot;:&quot;yes&quot;,&quot;autoplay_speed&quot;:5000,&quot;infinite&quot;:&quot;yes&quot;,&quot;transition&quot;:&quot;slide&quot;,&quot;transition_speed&quot;:500}\" data-widget_type=\"slides.default\">\n\t\t\t\t<div class=\"elementor-widget-container\">\n\t\t\t\t\t\t\t\t\t<div class=\"elementor-swiper\">\n\t\t\t\t\t<div class=\"elementor-slides-wrapper elementor-main-swiper swiper\" role=\"region\" aria-roledescription=\"carousel\" aria-label=\"Slides\" dir=\"ltr\" data-animation=\"fadeInDown\">\n\t\t\t\t<div class=\"swiper-wrapper elementor-slides\">\n\t\t\t\t\t\t\t\t\t\t<div class=\"elementor-repeater-item-3d778f0 swiper-slide\" role=\"group\" aria-roledescription=\"slide\"><div class=\"swiper-slide-bg\" role=\"img\" aria-label=\"nuoto\"><\/div><div class=\"swiper-slide-inner\" ><div class=\"swiper-slide-contents\"><div class=\"elementor-slide-description\">Foto di <strong><target=\"_blank\" a href=\"https:\/\/www.pexels.com\/it-it\/@ajaybhargavguduru?utm_content=attributionCopyText&amp;utm_medium=referral&amp;utm_source=pexels\">Guduru Ajay bhargav<\/a><\/strong> da <strong><target=\"_blank\" a href=\"https:\/\/www.pexels.com\/it-it\/foto\/persona-che-nuota-sul-corpo-d-acqua-863988\/?utm_content=attributionCopyText&amp;utm_medium=referral&amp;utm_source=pexels\">Pexels<\/a><\/strong><\/div><\/div><\/div><\/div>\t\t\t\t<\/div>\n\t\t\t\t\t\t\t<\/div>\n\t\t\t\t<\/div>\n\t\t\t\t\t\t\t\t<\/div>\n\t\t\t\t<\/div>\n\t\t\t\t\t<\/div>\n\t\t<\/div>\n\t\t\t\t\t<\/div>\n\t\t<\/section>\n\t\t\t\t<section class=\"elementor-section elementor-top-section elementor-element elementor-element-dd9c5a8 elementor-section-height-min-height elementor-section-boxed elementor-section-height-default elementor-section-items-middle\" data-id=\"dd9c5a8\" data-element_type=\"section\" data-settings=\"{&quot;background_background&quot;:&quot;classic&quot;,&quot;jet_parallax_layout_list&quot;:[]}\">\n\t\t\t\t\t\t<div class=\"elementor-container elementor-column-gap-default\">\n\t\t\t\t\t<div class=\"elementor-column elementor-col-100 elementor-top-column elementor-element elementor-element-9a0bbb4\" data-id=\"9a0bbb4\" data-element_type=\"column\">\n\t\t\t<div class=\"elementor-widget-wrap elementor-element-populated\">\n\t\t\t\t\t\t<div class=\"elementor-element elementor-element-09aae09 elementor-widget elementor-widget-heading\" data-id=\"09aae09\" data-element_type=\"widget\" data-widget_type=\"heading.default\">\n\t\t\t\t<div class=\"elementor-widget-container\">\n\t\t\t\t\t<h2 class=\"elementor-heading-title elementor-size-default\"><span class=\"evid\">Vo\u0111enje<\/span><br>i upravljanje grupom<\/h2>\t\t\t\t<\/div>\n\t\t\t\t<\/div>\n\t\t\t\t\t<\/div>\n\t\t<\/div>\n\t\t\t\t\t<\/div>\n\t\t<\/section>\n\t\t\t\t<section class=\"elementor-section elementor-top-section elementor-element elementor-element-3bfd762 elementor-section-boxed elementor-section-height-default elementor-section-height-default\" data-id=\"3bfd762\" data-element_type=\"section\" data-settings=\"{&quot;jet_parallax_layout_list&quot;:[],&quot;background_background&quot;:&quot;classic&quot;}\">\n\t\t\t\t\t\t<div class=\"elementor-container elementor-column-gap-default\">\n\t\t\t\t\t<div class=\"elementor-column elementor-col-100 elementor-top-column elementor-element elementor-element-576df5f\" data-id=\"576df5f\" data-element_type=\"column\">\n\t\t\t<div class=\"elementor-widget-wrap elementor-element-populated\">\n\t\t\t\t\t\t<div class=\"elementor-element elementor-element-1b075d8 elementor-align-right elementor-widget elementor-widget-breadcrumbs\" data-id=\"1b075d8\" data-element_type=\"widget\" data-widget_type=\"breadcrumbs.default\">\n\t\t\t\t<div class=\"elementor-widget-container\">\n\t\t\t\t\t<p id=\"breadcrumbs\"><\/p>\t\t\t\t<\/div>\n\t\t\t\t<\/div>\n\t\t\t\t\t<\/div>\n\t\t<\/div>\n\t\t\t\t\t<\/div>\n\t\t<\/section>\n\t\t\t\t<section class=\"elementor-section elementor-top-section elementor-element elementor-element-12a3126 jedv-enabled--yes elementor-section-boxed elementor-section-height-default elementor-section-height-default\" data-id=\"12a3126\" data-element_type=\"section\" data-settings=\"{&quot;jet_parallax_layout_list&quot;:[]}\">\n\t\t\t\t\t\t<div class=\"elementor-container elementor-column-gap-default\">\n\t\t\t\t\t<div class=\"elementor-column elementor-col-100 elementor-top-column elementor-element elementor-element-78b2022\" data-id=\"78b2022\" data-element_type=\"column\">\n\t\t\t<div class=\"elementor-widget-wrap elementor-element-populated\">\n\t\t\t\t\t\t<section class=\"elementor-section elementor-inner-section elementor-element elementor-element-268c6a9 elementor-section-boxed elementor-section-height-default elementor-section-height-default\" data-id=\"268c6a9\" data-element_type=\"section\" data-settings=\"{&quot;jet_parallax_layout_list&quot;:[]}\">\n\t\t\t\t\t\t<div class=\"elementor-container elementor-column-gap-default\">\n\t\t\t\t\t<div class=\"elementor-column elementor-col-100 elementor-inner-column elementor-element elementor-element-d691631\" data-id=\"d691631\" data-element_type=\"column\">\n\t\t\t<div class=\"elementor-widget-wrap elementor-element-populated\">\n\t\t\t\t\t\t<div class=\"elementor-element elementor-element-2fe7f9d elementor-widget elementor-widget-text-editor\" data-id=\"2fe7f9d\" data-element_type=\"widget\" data-widget_type=\"text-editor.default\">\n\t\t\t\t<div class=\"elementor-widget-container\">\n\t\t\t\t\t\t\t\t\t<p>Samo registrirani i prijavljeni korisnici mogu vidjeti ovu stranicu.<\/p>\t\t\t\t\t\t\t\t<\/div>\n\t\t\t\t<\/div>\n\t\t\t\t\t<\/div>\n\t\t<\/div>\n\t\t\t\t\t<\/div>\n\t\t<\/section>\n\t\t\t\t\t<\/div>\n\t\t<\/div>\n\t\t\t\t\t<\/div>\n\t\t<\/section>\n\t\t\t\t<\/div>\n\t\t","protected":false},"excerpt":{"rendered":"<p>Foto di Guduru Ajay bhargav da Pexels Vo\u0111enjei upravljanje grupom Samo registrirani i prijavljeni korisnici mogu vidjeti ovu stranicu. https:\/\/youtu.be\/CEM3w_2zR8I PRAKTI\u010cNE INDIVIDUALNE VJE\u017dBE Vje\u017eba 1 (maksimalno 3 predaje) Podno\u0161enje 0 od 3 Who is a leader for you? Answer the following questions:What are for you the key responsibility of the team leader role?(Required)Think about examples [&hellip;]<\/p>\n","protected":false},"author":2,"featured_media":0,"parent":5912,"menu_order":0,"comment_status":"closed","ping_status":"closed","template":"","meta":{"footnotes":""},"class_list":["post-5918","page","type-page","status-publish","hentry"],"yoast_head":"<!-- This site is optimized with the Yoast SEO plugin v25.9 - https:\/\/yoast.com\/wordpress\/plugins\/seo\/ -->\n<title>E-u\u010denje | Modul 03 - ehparp.eu<\/title>\n<meta name=\"robots\" content=\"index, follow, max-snippet:-1, max-image-preview:large, max-video-preview:-1\" \/>\n<link rel=\"canonical\" href=\"https:\/\/ehparp.eu\/hr\/e-ucenje\/e-ucenje-modul-03\/\" \/>\n<meta property=\"og:locale\" content=\"hr_HR\" \/>\n<meta property=\"og:type\" content=\"article\" \/>\n<meta property=\"og:title\" content=\"E-u\u010denje | Modul 03 - ehparp.eu\" \/>\n<meta property=\"og:description\" content=\"Foto di Guduru Ajay bhargav da Pexels Vo\u0111enjei upravljanje grupom Samo registrirani i prijavljeni korisnici mogu vidjeti ovu stranicu. https:\/\/youtu.be\/CEM3w_2zR8I PRAKTI\u010cNE INDIVIDUALNE VJE\u017dBE Vje\u017eba 1 (maksimalno 3 predaje) Podno\u0161enje 0 od 3 Who is a leader for you? Answer the following questions:What are for you the key responsibility of the team leader role?(Required)Think about examples [&hellip;]\" \/>\n<meta property=\"og:url\" content=\"https:\/\/ehparp.eu\/hr\/e-ucenje\/e-ucenje-modul-03\/\" \/>\n<meta property=\"og:site_name\" content=\"ehparp.eu\" \/>\n<meta property=\"article:modified_time\" content=\"2022-08-22T07:51:06+00:00\" \/>\n<meta name=\"twitter:card\" content=\"summary_large_image\" \/>\n<meta name=\"twitter:label1\" content=\"Procijenjeno vrijeme \u010ditanja\" \/>\n\t<meta name=\"twitter:data1\" content=\"1 minuta\" \/>\n<script type=\"application\/ld+json\" class=\"yoast-schema-graph\">{\"@context\":\"https:\/\/schema.org\",\"@graph\":[{\"@type\":\"WebPage\",\"@id\":\"https:\/\/ehparp.eu\/hr\/e-ucenje\/e-ucenje-modul-03\/\",\"url\":\"https:\/\/ehparp.eu\/hr\/e-ucenje\/e-ucenje-modul-03\/\",\"name\":\"E-u\u010denje | Modul 03 - ehparp.eu\",\"isPartOf\":{\"@id\":\"https:\/\/ehparp.eu\/#website\"},\"datePublished\":\"2022-06-15T15:35:44+00:00\",\"dateModified\":\"2022-08-22T07:51:06+00:00\",\"breadcrumb\":{\"@id\":\"https:\/\/ehparp.eu\/hr\/e-ucenje\/e-ucenje-modul-03\/#breadcrumb\"},\"inLanguage\":\"hr\",\"potentialAction\":[{\"@type\":\"ReadAction\",\"target\":[\"https:\/\/ehparp.eu\/hr\/e-ucenje\/e-ucenje-modul-03\/\"]}]},{\"@type\":\"BreadcrumbList\",\"@id\":\"https:\/\/ehparp.eu\/hr\/e-ucenje\/e-ucenje-modul-03\/#breadcrumb\",\"itemListElement\":[{\"@type\":\"ListItem\",\"position\":1,\"name\":\"E-u\u010denje\",\"item\":\"https:\/\/ehparp.eu\/hr\/e-ucenje\/\"},{\"@type\":\"ListItem\",\"position\":2,\"name\":\"E-u\u010denje | Modul 03\"}]},{\"@type\":\"WebSite\",\"@id\":\"https:\/\/ehparp.eu\/#website\",\"url\":\"https:\/\/ehparp.eu\/\",\"name\":\"ehparp.eu\",\"description\":\"Enhancing Health and Physical Activity Rates\",\"potentialAction\":[{\"@type\":\"SearchAction\",\"target\":{\"@type\":\"EntryPoint\",\"urlTemplate\":\"https:\/\/ehparp.eu\/?s={search_term_string}\"},\"query-input\":{\"@type\":\"PropertyValueSpecification\",\"valueRequired\":true,\"valueName\":\"search_term_string\"}}],\"inLanguage\":\"hr\"}]}<\/script>\n<!-- \/ Yoast SEO plugin. -->","yoast_head_json":{"title":"E-u\u010denje | Modul 03 - ehparp.eu","robots":{"index":"index","follow":"follow","max-snippet":"max-snippet:-1","max-image-preview":"max-image-preview:large","max-video-preview":"max-video-preview:-1"},"canonical":"https:\/\/ehparp.eu\/hr\/e-ucenje\/e-ucenje-modul-03\/","og_locale":"hr_HR","og_type":"article","og_title":"E-u\u010denje | Modul 03 - ehparp.eu","og_description":"Foto di Guduru Ajay bhargav da Pexels Vo\u0111enjei upravljanje grupom Samo registrirani i prijavljeni korisnici mogu vidjeti ovu stranicu. https:\/\/youtu.be\/CEM3w_2zR8I PRAKTI\u010cNE INDIVIDUALNE VJE\u017dBE Vje\u017eba 1 (maksimalno 3 predaje) Podno\u0161enje 0 od 3 Who is a leader for you? Answer the following questions:What are for you the key responsibility of the team leader role?(Required)Think about examples [&hellip;]","og_url":"https:\/\/ehparp.eu\/hr\/e-ucenje\/e-ucenje-modul-03\/","og_site_name":"ehparp.eu","article_modified_time":"2022-08-22T07:51:06+00:00","twitter_card":"summary_large_image","twitter_misc":{"Procijenjeno vrijeme \u010ditanja":"1 minuta"},"schema":{"@context":"https:\/\/schema.org","@graph":[{"@type":"WebPage","@id":"https:\/\/ehparp.eu\/hr\/e-ucenje\/e-ucenje-modul-03\/","url":"https:\/\/ehparp.eu\/hr\/e-ucenje\/e-ucenje-modul-03\/","name":"E-u\u010denje | Modul 03 - ehparp.eu","isPartOf":{"@id":"https:\/\/ehparp.eu\/#website"},"datePublished":"2022-06-15T15:35:44+00:00","dateModified":"2022-08-22T07:51:06+00:00","breadcrumb":{"@id":"https:\/\/ehparp.eu\/hr\/e-ucenje\/e-ucenje-modul-03\/#breadcrumb"},"inLanguage":"hr","potentialAction":[{"@type":"ReadAction","target":["https:\/\/ehparp.eu\/hr\/e-ucenje\/e-ucenje-modul-03\/"]}]},{"@type":"BreadcrumbList","@id":"https:\/\/ehparp.eu\/hr\/e-ucenje\/e-ucenje-modul-03\/#breadcrumb","itemListElement":[{"@type":"ListItem","position":1,"name":"E-u\u010denje","item":"https:\/\/ehparp.eu\/hr\/e-ucenje\/"},{"@type":"ListItem","position":2,"name":"E-u\u010denje | Modul 03"}]},{"@type":"WebSite","@id":"https:\/\/ehparp.eu\/#website","url":"https:\/\/ehparp.eu\/","name":"ehparp.eu","description":"Enhancing Health and Physical Activity Rates","potentialAction":[{"@type":"SearchAction","target":{"@type":"EntryPoint","urlTemplate":"https:\/\/ehparp.eu\/?s={search_term_string}"},"query-input":{"@type":"PropertyValueSpecification","valueRequired":true,"valueName":"search_term_string"}}],"inLanguage":"hr"}]}},"_links":{"self":[{"href":"https:\/\/ehparp.eu\/hr\/wp-json\/wp\/v2\/pages\/5918","targetHints":{"allow":["GET"]}}],"collection":[{"href":"https:\/\/ehparp.eu\/hr\/wp-json\/wp\/v2\/pages"}],"about":[{"href":"https:\/\/ehparp.eu\/hr\/wp-json\/wp\/v2\/types\/page"}],"author":[{"embeddable":true,"href":"https:\/\/ehparp.eu\/hr\/wp-json\/wp\/v2\/users\/2"}],"replies":[{"embeddable":true,"href":"https:\/\/ehparp.eu\/hr\/wp-json\/wp\/v2\/comments?post=5918"}],"version-history":[{"count":3,"href":"https:\/\/ehparp.eu\/hr\/wp-json\/wp\/v2\/pages\/5918\/revisions"}],"predecessor-version":[{"id":5931,"href":"https:\/\/ehparp.eu\/hr\/wp-json\/wp\/v2\/pages\/5918\/revisions\/5931"}],"up":[{"embeddable":true,"href":"https:\/\/ehparp.eu\/hr\/wp-json\/wp\/v2\/pages\/5912"}],"wp:attachment":[{"href":"https:\/\/ehparp.eu\/hr\/wp-json\/wp\/v2\/media?parent=5918"}],"curies":[{"name":"wp","href":"https:\/\/api.w.org\/{rel}","templated":true}]}}